{"id":99,"date":"2021-11-19T09:35:16","date_gmt":"2021-11-19T08:35:16","guid":{"rendered":"https:\/\/queerlit.dh.gu.se\/om\/?page_id=99"},"modified":"2024-06-24T13:50:26","modified_gmt":"2024-06-24T11:50:26","slug":"om-projektet-2","status":"publish","type":"page","link":"https:\/\/queerlit.dh.gu.se\/om\/om-projektet-2\/","title":{"rendered":"Om projektet"},"content":{"rendered":"\n<p>Queerlit, 2021-2023, var ett infrastrukturprojekt som utvecklade en databas f\u00f6r sk\u00f6nlitteratur med HBTQI-tematik, och en tesaurus med nya \u00e4mnesord f\u00f6r att beskriva den.<\/p>\n\n\n\n<p>Queerlitprojektet bedrevs p\u00e5 G\u00f6teborgs universitet, genom samarbeten med bland annat KvinnSam, S\u00f6dert\u00f6rns h\u00f6gskola och Linn\u00e9universitet. Den databas som skapades i projektet tillg\u00e4ngligg\u00f6rs dels via den nationella bibliotekskatalogen LIBRIS, dels genom v\u00e5rt eget gr\u00e4nssnitt (d\u00e4r du \u00e4r nu) som till\u00e5ter mer specialiserade s\u00f6kningar \u00e4n vad LIBRIS g\u00f6r.<\/p>\n\n\n\n<p>Efter projektets 2023 underh\u00e5lls databasen av <a href=\"https:\/\/www2.ub.gu.se\/kvinn\/\">KvinnSam<\/a>, medan <a href=\"https:\/\/gu.se\/digital-humaniora\">GRIDH<\/a> (G\u00f6teborgs forskningsinfrastruktur f\u00f6r digital humaniora) ansvarar f\u00f6r gr\u00e4nssnittet och \u00f6vriga tekniska aspekter av driften. Dessutom st\u00f6ttas KvinnSam av en arbetsgruppen f\u00f6r queerlitter\u00e4r omv\u00e4rldsbevakning, vars medlemmar ing\u00e5r i <a href=\"https:\/\/www.biblioteksforeningen.se\/expertnatverk\/expertnatverket-for-bibliotekens-arbete-med-hbtqplus\/\">Svensk biblioteksf\u00f6renings expertn\u00e4tverk f\u00f6r bibliotekens arbete med hbtq+<\/a>.<\/p>\n\n\n\n<p>V\u00e5ra konton p\u00e5 facebook och instagram finns fortfarande kvar, men \u00e4r inte l\u00e4ngre aktiva. Vill du se vad vi gjorde kan du titta in p\u00e5 @queerlitse<\/p>\n","protected":false},"excerpt":{"rendered":"<p>Queerlit, 2021-2023, var ett infrastrukturprojekt som utvecklade en databas f\u00f6r sk\u00f6nlitteratur med HBTQI-tematik, och en tesaurus med nya \u00e4mnesord f\u00f6r att beskriva den. Queerlitprojektet bedrevs p\u00e5 G\u00f6teborgs universitet, genom samarbeten med bland annat KvinnSam, S\u00f6dert\u00f6rns h\u00f6gskola och Linn\u00e9universitet. Den databas som skapades i projektet tillg\u00e4ngligg\u00f6rs dels via den nationella bibliotekskatalogen LIBRIS, dels genom v\u00e5rt eget&hellip; <a class=\"more-link\" href=\"https:\/\/queerlit.dh.gu.se\/om\/om-projektet-2\/\">Forts\u00e4tt l\u00e4sa <span class=\"screen-reader-text\">Om projektet<\/span><\/a><\/p>\n","protected":false},"author":5,"featured_media":0,"parent":0,"menu_order":0,"comment_status":"closed","ping_status":"closed","template":"","meta":{"footnotes":""},"_links":{"self":[{"href":"https:\/\/queerlit.dh.gu.se\/om\/wp-json\/wp\/v2\/pages\/99"}],"collection":[{"href":"https:\/\/queerlit.dh.gu.se\/om\/wp-json\/wp\/v2\/pages"}],"about":[{"href":"https:\/\/queerlit.dh.gu.se\/om\/wp-json\/wp\/v2\/types\/page"}],"author":[{"embeddable":true,"href":"https:\/\/queerlit.dh.gu.se\/om\/wp-json\/wp\/v2\/users\/5"}],"replies":[{"embeddable":true,"href":"https:\/\/queerlit.dh.gu.se\/om\/wp-json\/wp\/v2\/comments?post=99"}],"version-history":[{"count":6,"href":"https:\/\/queerlit.dh.gu.se\/om\/wp-json\/wp\/v2\/pages\/99\/revisions"}],"predecessor-version":[{"id":420,"href":"https:\/\/queerlit.dh.gu.se\/om\/wp-json\/wp\/v2\/pages\/99\/revisions\/420"}],"wp:attachment":[{"href":"https:\/\/queerlit.dh.gu.se\/om\/wp-json\/wp\/v2\/media?parent=99"}],"curies":[{"name":"wp","href":"https:\/\/api.w.org\/{rel}","templated":true}]}}