{"id":89,"date":"2021-11-19T09:24:24","date_gmt":"2021-11-19T08:24:24","guid":{"rendered":"https:\/\/queerlit.dh.gu.se\/om\/?page_id=89"},"modified":"2024-06-25T09:27:35","modified_gmt":"2024-06-25T07:27:35","slug":"projektgrupp","status":"publish","type":"page","link":"https:\/\/queerlit.dh.gu.se\/om\/projektgrupp\/","title":{"rendered":"Projektgrupp"},"content":{"rendered":"\n<p>Queerlits projektgrupp bestod av litteraturvetare, bibliotekarier, informationsvetare och tekniker, som stod f\u00f6r det l\u00f6pande arbetet med olika delar av projektet. I projektgruppen ingick:<\/p>\n\n\n\n<p><strong>Jenny Bergenmar<\/strong>, projektledare, \u00e4r professor i litteraturvetenskap vid G\u00f6teborgs universitet. Hon har tidigare arbetat med flera projekt inom digital humaniora och \u00e4r knuten till GRIDH (G\u00f6teborgs forskningsinfrastruktur f\u00f6r digital humaniora) vid G\u00f6teborgs universitet. Hon har forskat om Selma Lagerl\u00f6f och andra kvinnliga f\u00f6rfattarskap, litteraturens betydelse f\u00f6r l\u00e4sare i olika sammanhang och hon utvecklar f\u00f6r n\u00e4rvarande ett nytt projekt om litteratur och funktionsvariationer. Mer om hennes forskning kan du <a href=\"https:\/\/www.gu.se\/om-universitetet\/hitta-person\/jennybergenmar\">l\u00e4sa h\u00e4r<\/a>.<\/p>\n\n\n\n<p><strong>Koraljka Golub<\/strong> \u00e4r forskare inom biblioteks- och informationsvetenskap vid Linn\u00e9universitetet och med sin bakgrund inom forskning i \u00e4mnesmetadata hade hon i Queerlit-projektet en r\u00e5dgivande roll. Golub tog \u00e4ven hand om enk\u00e4tunders\u00f6kningar f\u00f6r att att identifiera olika anv\u00e4ndares behov av databasen. Mer om hennes forskning kan du <a href=\"https:\/\/lnu.se\/en\/staff\/koraljka.golub\/\">l\u00e4sa h\u00e4r<\/a>.<\/p>\n\n\n\n<p><strong>Karin Henning<\/strong> \u00e4r universitetsbibliotekarie vid KvinnSam, G\u00f6teborgs universitetsbibliotek. D\u00e4r arbetar hon bland annat med indexering i databasen KVINNSAM, det vill s\u00e4ga att f\u00f6rs\u00f6ka beskriva litteratur inom kvinnohistoria och genusforskning med \u00e4mnesord. Databasen Queerlit \u00e4r en deldatabas i Libris, precis som databasen KVINNSAM. I projektet arbetade Henning d\u00e4rf\u00f6r bland annat med att vara ett st\u00f6d f\u00f6r indexeringen.<\/p>\n\n\n\n<p><strong>Sam Holmqvist<\/strong>, projektforskare, \u00e4r fil. dr i litteraturvetenskap och disputerade p\u00e5 en avhandling om transmotiv i svensk 1800-talslitteratur. D\u00e4refter har hen publicerat ett flertal artiklar om transhistoria. F\u00f6r n\u00e4rvarande arbetar Holmqvist som l\u00e4rare i genusvetenskap vid S\u00f6dert\u00f6rns h\u00f6gskola. Mer om Holmqvists forskning kan du <a href=\"https:\/\/www.sh.se\/kontakt\/forskare\/sam-holmqvist.\">l\u00e4sa h\u00e4r<\/a>.<\/p>\n\n\n\n<p><strong>Siska Humlesj\u00f6<\/strong>, projektassistent och systembibliotekarie, har tidigare arbetat med bibliotekssystem p\u00e5 b\u00e5de forskningsbibliotek och folkbibliotek. Hon har jobbat med HBTQI-litteratur som recensent, skribent och inom litteraturf\u00f6rmedling p\u00e5 folkbibliotek.\u00a0I Queerlit-projektet arbetade Humlesj\u00f6 bland annat med integrationen i Libris samt indexering av litteraturen.<\/p>\n\n\n\n<p><strong>Olov Kristr\u00f6m<\/strong> \u00e4r bibliotekarie med ett passionerat intresse f\u00f6r queera b\u00f6cker \u2013 g\u00e4rna gamla och f\u00f6rbisedda. I Queerlit-projektet ansvarade Kristr\u00f6m f\u00f6r att skapa den tesaurus som anv\u00e4nds f\u00f6r att indexera litteraturen med \u00e4mnesord och \u00f6ka s\u00f6kbarheten.<\/p>\n\n\n\n<p><strong>Sebastian L\u00f6nnl\u00f6v<\/strong> \u00e4r bibliotekarie och litteraturkritiker, med en masterexamen i b\u00e5de litteraturvetenskap och biblioteks- och informationsvetenskap. Han har skrivit bibliografin <em>HBTQ. B\u00f6cker bortom normen<\/em> (2014). I Queerlit-projektet jobbade L\u00f6nnl\u00f6v bland annat med listan p\u00e5 vilka titlar som kom att inkluderas i deldatabasen.<\/p>\n\n\n\n<p><strong>Arild Matsson<\/strong> \u00e4r forskningsingenj\u00f6r p\u00e5 G\u00f6teborgs universitet. Han har en master i spr\u00e5kteknologi och jobbar f\u00f6r Spr\u00e5kbanken Text, men under 2019\u20132023 \u00e4ven f\u00f6r <a href=\"https:\/\/www.gu.se\/digital-humaniora\">GRIDH<\/a> och deltog d\u00e5 i Queerlit. Som forskningsingenj\u00f6r ansvarade Matsson f\u00f6r tekniska l\u00f6sningar i forskningen. I Queerlit-projektet innebar detta framf\u00f6r allt webbutveckling, s\u00e5 som serverkonfiguration, databaser, ber\u00e4kningsalgoritmer, webbtj\u00e4nster och anv\u00e4ndargr\u00e4nssnitt.<\/p>\n\n\n\n<p><strong>Elvira Tidemo<\/strong>, praktikant, var student p\u00e5 masterprogrammet Gendering Practices vid G\u00f6teborgs universitet och hade sedan tidigare en fil. kand. i kulturvetenskap. I Queerlit-projektet arbetade Tidemo under september och oktober 2021 med grundarbete f\u00f6r kommunikationen ut\u00e5t, det vill s\u00e4ga med hemsidan och sociala medier, samt med en inventering av \u00e4mnesord som anv\u00e4nds p\u00e5 GoodReads och LibraryThing.<\/p>\n\n\n\n<p><\/p>\n","protected":false},"excerpt":{"rendered":"<p>Queerlits projektgrupp bestod av litteraturvetare, bibliotekarier, informationsvetare och tekniker, som stod f\u00f6r det l\u00f6pande arbetet med olika delar av projektet. I projektgruppen ingick: Jenny Bergenmar, projektledare, \u00e4r professor i litteraturvetenskap vid G\u00f6teborgs universitet. Hon har tidigare arbetat med flera projekt inom digital humaniora och \u00e4r knuten till GRIDH (G\u00f6teborgs forskningsinfrastruktur f\u00f6r digital humaniora) vid G\u00f6teborgs&hellip; <a class=\"more-link\" href=\"https:\/\/queerlit.dh.gu.se\/om\/projektgrupp\/\">Forts\u00e4tt l\u00e4sa <span class=\"screen-reader-text\">Projektgrupp<\/span><\/a><\/p>\n","protected":false},"author":5,"featured_media":0,"parent":0,"menu_order":0,"comment_status":"closed","ping_status":"closed","template":"","meta":{"footnotes":""},"_links":{"self":[{"href":"https:\/\/queerlit.dh.gu.se\/om\/wp-json\/wp\/v2\/pages\/89"}],"collection":[{"href":"https:\/\/queerlit.dh.gu.se\/om\/wp-json\/wp\/v2\/pages"}],"about":[{"href":"https:\/\/queerlit.dh.gu.se\/om\/wp-json\/wp\/v2\/types\/page"}],"author":[{"embeddable":true,"href":"https:\/\/queerlit.dh.gu.se\/om\/wp-json\/wp\/v2\/users\/5"}],"replies":[{"embeddable":true,"href":"https:\/\/queerlit.dh.gu.se\/om\/wp-json\/wp\/v2\/comments?post=89"}],"version-history":[{"count":9,"href":"https:\/\/queerlit.dh.gu.se\/om\/wp-json\/wp\/v2\/pages\/89\/revisions"}],"predecessor-version":[{"id":441,"href":"https:\/\/queerlit.dh.gu.se\/om\/wp-json\/wp\/v2\/pages\/89\/revisions\/441"}],"wp:attachment":[{"href":"https:\/\/queerlit.dh.gu.se\/om\/wp-json\/wp\/v2\/media?parent=89"}],"curies":[{"name":"wp","href":"https:\/\/api.w.org\/{rel}","templated":true}]}}