{"id":339,"date":"2023-12-07T14:44:12","date_gmt":"2023-12-07T13:44:12","guid":{"rendered":"https:\/\/queerlit.dh.gu.se\/om\/?page_id=339"},"modified":"2024-06-24T14:03:32","modified_gmt":"2024-06-24T12:03:32","slug":"links","status":"publish","type":"page","link":"https:\/\/queerlit.dh.gu.se\/om\/en\/links\/","title":{"rendered":"Links"},"content":{"rendered":"\n<h2 class=\"wp-block-heading\">Book Recommendations&nbsp;<\/h2>\n\n\n\n<p>Queerlit includes both good and bad books and is not intended as a curated list of recommendations. However, there are many others who specialize in recommending books. Here are some of them:&nbsp;<\/p>\n\n\n\n<p><a href=\"https:\/\/www.bogbibblan.se\/\" target=\"_blank\" rel=\"noreferrer noopener\">B\u00f6gbibblan<\/a> and @bogbibblan (Instagram)&nbsp;<\/p>\n\n\n\n<p><a href=\"http:\/\/5flator.blogspot.com\/\" target=\"_blank\" rel=\"noreferrer noopener\">Fem flator fantiserar<\/a> and @femflator (Instagram)&nbsp;<\/p>\n\n\n\n<p>@flatans_guide (Instagram)&nbsp;<\/p>\n\n\n\n<p>@hbtqbiblioteket (Instagram)&nbsp;<\/p>\n\n\n\n<p><a href=\"https:\/\/lesbiskabokbloggen.se\/\" target=\"_blank\" rel=\"noreferrer noopener\">Lesbiska bokbloggen<\/a>&nbsp;<\/p>\n\n\n\n<p>@normkreativa_barnb\u00f6cker (Instagram)&nbsp;<\/p>\n\n\n\n<p>Queerlitteratur f\u00f6r queers (Facebook group)&nbsp;<\/p>\n\n\n\n<p>@sapfiskguidetillgalaxen (Instagram)&nbsp;<\/p>\n\n\n\n<h2 class=\"wp-block-heading\">Libraries&nbsp;<\/h2>\n\n\n\n<p>There are also rainbow shelves in several public libraries \u2013 feel free to ask about them at your local library! Some examples of digital rainbow shelves:&nbsp;<\/p>\n\n\n\n<p><a rel=\"noreferrer noopener\" href=\"https:\/\/bibliotek.harnosand.se\/regnbagshylla\" target=\"_blank\">H\u00e4rn\u00f6sands bibliotek<\/a>&nbsp;&nbsp;<\/p>\n\n\n\n<p><a rel=\"noreferrer noopener\" href=\"http:\/\/regnbagshyllan.se\/\" target=\"_blank\">Regnb\u00e5gshyllan p\u00e5 Regionbibliotek V\u00e4sterbotten<\/a>&nbsp;&nbsp;<\/p>\n\n\n\n<p><a rel=\"noreferrer noopener\" href=\"https:\/\/bibliotek.solleftea.se\/web\/arena\/regnbagshyllan\" target=\"_blank\">Sollefte\u00e5 bibliotek<\/a>&nbsp;&nbsp;<\/p>\n\n\n\n<p><a rel=\"noreferrer noopener\" href=\"https:\/\/bibliotek.timra.se\/sv\/content-page\/regnb%C3%A5gshylla\" target=\"_blank\">Timr\u00e5 bibliotek<\/a>&nbsp;&nbsp;<\/p>\n\n\n\n<p><a rel=\"noreferrer noopener\" href=\"https:\/\/www.minabibliotek.se\/regnbagsbiblioteket?fbclid=IwAR3VDqiPe2SbH0Z0d2lSyuuLa86_0s2nHu3o87uhbuDozb8coQ-2NE6697w\" target=\"_blank\">Ume\u00e5s Regnb\u00e5gsbiblioteket<\/a> (also on Instagram and Facebook as @regnbagsbiblioteket_umea)&nbsp;<\/p>\n\n\n\n<p><a rel=\"noreferrer noopener\" href=\"https:\/\/bibliotek.vaxjo.se\/web\/arena\/regnbagshyllan\" target=\"_blank\">V\u00e4xj\u00f6 bibliotek<\/a>&nbsp;<\/p>\n\n\n\n<p><a rel=\"noreferrer noopener\" href=\"https:\/\/goteborg.se\/wps\/portal\/enhetssida\/kulturhuset-kaken\/bibliotek\/regnbagshyllan\" target=\"_blank\">Kulturhuset K\u00e5ken<\/a>&nbsp;<\/p>\n\n\n\n<h2 class=\"wp-block-heading\">Other Links<\/h2>\n\n\n\n<p><a rel=\"noreferrer noopener\" href=\"https:\/\/ihlia.nl\/en\/\" target=\"_blank\">IHLIA<\/a>, Dutch (but also English-language) archive for LGBTQI materials, which has developed the thesaurus we used in our work&nbsp;<\/p>\n\n\n\n<p><a href=\"http:\/\/www2.ub.gu.se\/kvinn\/\" target=\"_blank\" rel=\"noreferrer noopener\">KvinnSam<\/a>, archive and national library for gender research, and in charge of Queerlit after the project&#8217;s end<\/p>\n\n\n\n<p><a rel=\"noreferrer noopener\" href=\"http:\/\/litteraturbanken.se\/\" target=\"_blank\">Litteraturbanken<\/a>, where you can read and download older books&nbsp;<\/p>\n\n\n\n<p><a href=\"http:\/\/qrab.org\/\" target=\"_blank\" rel=\"noreferrer noopener\">Queerr\u00f6relsens arkiv och bibliotek, QRAB<\/a>, Swedish archive for LGBTQI materials and one of the Queerlit project&#8217;s collaboration partners\u00a0<\/p>\n\n\n\n<p><a rel=\"noreferrer noopener\" href=\"https:\/\/skeivtarkiv.no\/\" target=\"_blank\">Skeivt arkiv<\/a>, Norwegian archive and knowledge center for LGBTQI history&nbsp;<\/p>\n","protected":false},"excerpt":{"rendered":"<p>Book Recommendations&nbsp; Queerlit includes both good and bad books and is not intended as a curated list of recommendations. However, there are many others who specialize in recommending books. Here are some of them:&nbsp; B\u00f6gbibblan and @bogbibblan (Instagram)&nbsp; Fem flator fantiserar and @femflator (Instagram)&nbsp; @flatans_guide (Instagram)&nbsp; @hbtqbiblioteket (Instagram)&nbsp; Lesbiska bokbloggen&nbsp; @normkreativa_barnb\u00f6cker (Instagram)&nbsp; Queerlitteratur f\u00f6r queers&hellip; <a class=\"more-link\" href=\"https:\/\/queerlit.dh.gu.se\/om\/en\/links\/\">Forts\u00e4tt l\u00e4sa <span class=\"screen-reader-text\">Links<\/span><\/a><\/p>\n","protected":false},"author":2,"featured_media":0,"parent":19,"menu_order":0,"comment_status":"closed","ping_status":"closed","template":"","meta":{"footnotes":""},"_links":{"self":[{"href":"https:\/\/queerlit.dh.gu.se\/om\/wp-json\/wp\/v2\/pages\/339"}],"collection":[{"href":"https:\/\/queerlit.dh.gu.se\/om\/wp-json\/wp\/v2\/pages"}],"about":[{"href":"https:\/\/queerlit.dh.gu.se\/om\/wp-json\/wp\/v2\/types\/page"}],"author":[{"embeddable":true,"href":"https:\/\/queerlit.dh.gu.se\/om\/wp-json\/wp\/v2\/users\/2"}],"replies":[{"embeddable":true,"href":"https:\/\/queerlit.dh.gu.se\/om\/wp-json\/wp\/v2\/comments?post=339"}],"version-history":[{"count":2,"href":"https:\/\/queerlit.dh.gu.se\/om\/wp-json\/wp\/v2\/pages\/339\/revisions"}],"predecessor-version":[{"id":433,"href":"https:\/\/queerlit.dh.gu.se\/om\/wp-json\/wp\/v2\/pages\/339\/revisions\/433"}],"up":[{"embeddable":true,"href":"https:\/\/queerlit.dh.gu.se\/om\/wp-json\/wp\/v2\/pages\/19"}],"wp:attachment":[{"href":"https:\/\/queerlit.dh.gu.se\/om\/wp-json\/wp\/v2\/media?parent=339"}],"curies":[{"name":"wp","href":"https:\/\/api.w.org\/{rel}","templated":true}]}}