{"id":333,"date":"2023-12-07T14:16:36","date_gmt":"2023-12-07T13:16:36","guid":{"rendered":"https:\/\/queerlit.dh.gu.se\/om\/?page_id=333"},"modified":"2024-06-24T13:56:15","modified_gmt":"2024-06-24T11:56:15","slug":"collaboration","status":"publish","type":"page","link":"https:\/\/queerlit.dh.gu.se\/om\/en\/collaboration\/","title":{"rendered":"Collaboration and sources"},"content":{"rendered":"\n<h2 class=\"wp-block-heading\">Advisory Board&nbsp;<\/h2>\n\n\n\n<p>In addition to the project group, Queerlit had an advisory board that served as a sounding board for the project group and provided expertise in their respective areas. The expert advisory board included:\u00a0<\/p>\n\n\n\n<ul>\n<li><a href=\"https:\/\/katalog.uu.se\/empinfo\/?id=N99-1512\" target=\"_blank\" rel=\"noreferrer noopener\">Jenny Bj\u00f6rklund<\/a>&nbsp;<\/li>\n<\/ul>\n\n\n\n<ul>\n<li><a href=\"https:\/\/www.gu.se\/om-universitetet\/hitta-person\/evaborgstrom\" target=\"_blank\" rel=\"noreferrer noopener\">Eva Borgstr\u00f6m<\/a>&nbsp;<\/li>\n\n\n\n<li><a href=\"https:\/\/portal.findresearcher.sdu.dk\/da\/persons\/heede\" target=\"_blank\" rel=\"noreferrer noopener\">Dag Heede<\/a>&nbsp;<\/li>\n\n\n\n<li>Viktoria Lundborg&nbsp;<\/li>\n\n\n\n<li><a href=\"https:\/\/www.sh.se\/kontakt\/forskare\/ann-sofie-lonngren\" target=\"_blank\" rel=\"noreferrer noopener\">Ann-Sofie L\u00f6nngren<\/a>&nbsp;<\/li>\n\n\n\n<li><a rel=\"noreferrer noopener\" href=\"https:\/\/www.janmagnusson.se\/Hemsida.htm\" target=\"_blank\">Jan Magnusson<\/a>&nbsp;<\/li>\n\n\n\n<li><a rel=\"noreferrer noopener\" href=\"https:\/\/www.gu.se\/om-universitetet\/hitta-person\/mariaramnehill\" target=\"_blank\">Maria Hymna Ramnehill<\/a>&nbsp;<\/li>\n<\/ul>\n\n\n\n<h2 class=\"wp-block-heading\">Collaboration&nbsp;<\/h2>\n\n\n\n<p>The Queerlit project involved collaborations with several institutions:\u00a0<\/p>\n\n\n\n<ul>\n<li><a href=\"http:\/\/www2.ub.gu.se\/kvinn\/\" target=\"_blank\" rel=\"noreferrer noopener\">KvinnSam<\/a>, an archive and national library for gender research. KvinnSam was part of the project&#8217;s working group and maintain the database after the project period.\u00a0<\/li>\n\n\n\n<li><a href=\"https:\/\/www.kb.se\/\" target=\"_blank\" rel=\"noreferrer noopener\">Kungliga biblioteket<\/a> (KB), Sweden&#8217;s national library. KB houses the national bibliography Libris, in which Queerlit is a sub-database.&nbsp;<\/li>\n<\/ul>\n\n\n\n<h2 class=\"wp-block-heading\">Sources<\/h2>\n\n\n\n<p>The Queerlit project draws on a variety of sources. Among other things, the work is based on previous surveys, such as Jan Magnusson&#8217;s <a href=\"https:\/\/www.janmagnusson.se\/bibliografigay1.html\" target=\"_blank\" rel=\"noreferrer noopener\">digital bibliography<\/a>, Dodo Parika&#8217;s <em>HBT speglat i litteraturen<\/em> and the anthology<em> Sympatiens hemlighetsfulla makt<\/em>.<\/p>\n\n\n\n<p>In addition, help has been provided by a large number of experts on the individual works and authors included in the database. Where we have used written sources, these are indicated in our presentations of the work in question. But we have also benefited from a wealth of oral and other unpublished information.<\/p>\n\n\n\n<p>In addition to our advisory board, Queerlit would like to thank the following people for invaluable advice: Elin Abrahamsson, Karl Berglund, Dominik Dziedzic, Otto Fischer, Stefano Fogelberg Rota, Kristofer Folkhammar, Hanna Hallgren, Fredrik Hertzberg, Anna Hultman, Hilda Jakobsson, Anna Jakobsson Lund, Philip Lavender, Elliot Lundeg\u00e5rd, Felix T. M\u00e4kel\u00e4, Elenor Pavlov, Tiina Rosenberg, Karin R\u00e5ghall, Ragni Svensson, Mats Tormod and Per Anders Wiktorsson.<\/p>\n","protected":false},"excerpt":{"rendered":"<p>Advisory Board&nbsp; In addition to the project group, Queerlit had an advisory board that served as a sounding board for the project group and provided expertise in their respective areas. The expert advisory board included:\u00a0 Collaboration&nbsp; The Queerlit project involved collaborations with several institutions:\u00a0 Sources The Queerlit project draws on a variety of sources. Among&hellip; <a class=\"more-link\" href=\"https:\/\/queerlit.dh.gu.se\/om\/en\/collaboration\/\">Forts\u00e4tt l\u00e4sa <span class=\"screen-reader-text\">Collaboration and sources<\/span><\/a><\/p>\n","protected":false},"author":2,"featured_media":0,"parent":19,"menu_order":0,"comment_status":"closed","ping_status":"closed","template":"","meta":{"footnotes":""},"_links":{"self":[{"href":"https:\/\/queerlit.dh.gu.se\/om\/wp-json\/wp\/v2\/pages\/333"}],"collection":[{"href":"https:\/\/queerlit.dh.gu.se\/om\/wp-json\/wp\/v2\/pages"}],"about":[{"href":"https:\/\/queerlit.dh.gu.se\/om\/wp-json\/wp\/v2\/types\/page"}],"author":[{"embeddable":true,"href":"https:\/\/queerlit.dh.gu.se\/om\/wp-json\/wp\/v2\/users\/2"}],"replies":[{"embeddable":true,"href":"https:\/\/queerlit.dh.gu.se\/om\/wp-json\/wp\/v2\/comments?post=333"}],"version-history":[{"count":4,"href":"https:\/\/queerlit.dh.gu.se\/om\/wp-json\/wp\/v2\/pages\/333\/revisions"}],"predecessor-version":[{"id":426,"href":"https:\/\/queerlit.dh.gu.se\/om\/wp-json\/wp\/v2\/pages\/333\/revisions\/426"}],"up":[{"embeddable":true,"href":"https:\/\/queerlit.dh.gu.se\/om\/wp-json\/wp\/v2\/pages\/19"}],"wp:attachment":[{"href":"https:\/\/queerlit.dh.gu.se\/om\/wp-json\/wp\/v2\/media?parent=333"}],"curies":[{"name":"wp","href":"https:\/\/api.w.org\/{rel}","templated":true}]}}