{"id":236,"date":"2023-05-15T11:38:01","date_gmt":"2023-05-15T09:38:01","guid":{"rendered":"https:\/\/queerlit.dh.gu.se\/om\/?page_id=236"},"modified":"2024-06-24T13:36:16","modified_gmt":"2024-06-24T11:36:16","slug":"indexera","status":"publish","type":"page","link":"https:\/\/queerlit.dh.gu.se\/om\/indexera\/","title":{"rendered":"Indexera med Queerlit"},"content":{"rendered":"\n<p><\/p>\n\n\n\n<h2 class=\"wp-block-heading\">Indexeringsanvisningar<\/h2>\n\n\n\n<p>Queerlit \u00e4r b\u00e5de en bibliografisk databas och en tesaurus f\u00f6r indexering av litteratur med hbtqi-tematik, tesaurusen heter <strong>QLIT<\/strong> (Queer Literature Indexing Theasurus). Tesaurusen \u00e4r integrerad i Libris XL och kan anv\u00e4ndas d\u00e4r men den \u00e4r \u00e4ven fri att anv\u00e4nda i andra system. Samtliga termer i QLIT har en beskrivning om hur de \u00e4r t\u00e4nkta att anv\u00e4ndas, l\u00e4s g\u00e4rna beskrivningen f\u00f6r att se om \u00e4mnesordet passar in p\u00e5 verket du ska indexera.&nbsp;&nbsp;<\/p>\n\n\n\n<p>F\u00f6r att anv\u00e4nda tesaurusen i Libris XL g\u00e4ller f\u00f6ljande generella anvisningar fr\u00e5n KB: Litteratur i Libris ska fr\u00e4mst indexeras med Svenska \u00e4mnesord alternativ Barn\u00e4mnesord f\u00f6r barn- och ungdomslitteratur. Vill du anv\u00e4nda n\u00e5got begrepp som finns i QLIT men som \u00e4r <strong>alltf\u00f6r smalt f\u00f6r SAO<\/strong> eller om det f\u00f6reslagits till Svenska \u00e4mnesord men <strong>avslagits<\/strong> kan ist\u00e4llet QLIT anv\u00e4ndas. Se n\u00e4rmare <a rel=\"noreferrer noopener\" href=\"https:\/\/www.kb.se\/samverkan-och-utveckling\/nytt-fran-kb\/nyheter-samverkan-och-utveckling\/2022-09-19-amnesord-fran-tesaurusen-queerlit.html\" target=\"_blank\">information fr\u00e5n Svenska \u00e4mnesord<\/a>.<\/p>\n\n\n\n<p>QLIT \u00e4r fr\u00e4mst skapad f\u00f6r att anv\u00e4ndas f\u00f6r sk\u00f6nlitteratur men kan \u00e4ven anv\u00e4ndas f\u00f6r facklitteratur.&nbsp;&nbsp;<\/p>\n\n\n\n<h2 class=\"wp-block-heading\">S\u00f6k efter begrepp som kan passa<\/h2>\n\n\n\n<p>V\u00e5ra \u00e4mnesord har ofta en m\u00e4ngd olika alternativa termer. B\u00f6rja med att s\u00f6ka efter de begrepp du tycker passar in p\u00e5 verket du indexerar och se vilka \u00e4mnesord du f\u00e5r tr\u00e4ff p\u00e5. Om du t.ex. s\u00f6ker p\u00e5 \u201dRegnb\u00e5gsfamiljer\u201d f\u00e5r du fram \u00e4mnesordet \u201dHbtqi-familjer\u201d.&nbsp;<\/p>\n\n\n\n<p>F\u00f6rutom i Libris XL hittar du \u00e4ven QLIT-\u00e4mnesorden i Queerlits eget gr\u00e4nssnitt. D\u00e4r f\u00e5r du ocks\u00e5 en annan \u00f6verblick \u00f6ver hela v\u00e5rt hierarkiska \u00e4mnestr\u00e4d, <a href=\"https:\/\/queerlit.dh.gu.se\/subjects\/\" target=\"_blank\" rel=\"noreferrer noopener\">l\u00e4nk till gr\u00e4nssnittet<\/a><\/p>\n\n\n\n<p>Om du \u00e4r os\u00e4ker p\u00e5 hbtqi-termer och tycker att v\u00e5ra beskrivningar inte ger tillr\u00e4cklig v\u00e4gledning kan du ocks\u00e5 titta i t.ex. RFSL:s eller Transformerings ordlistor:\u00a0<\/p>\n\n\n\n<p><a href=\"https:\/\/www.rfsl.se\/hbtqi-fakta\/begreppsordlista\/\" target=\"_blank\" rel=\"noreferrer noopener\">Begreppsordlista<\/a><br><a href=\"https:\/\/transformering.se\/vad-ar-trans\/ordlista\" target=\"_blank\" rel=\"noreferrer noopener\">Ordlista<\/a><\/p>\n\n\n\n<h2 class=\"wp-block-heading\">Anv\u00e4nd den smalaste termen i hierarkin<\/h2>\n\n\n\n<p>Anv\u00e4nd alltid det mest specifika \u00e4mnesordet f\u00f6r ett fenomen, de smalare termerna ger tr\u00e4ffar \u00e4ven f\u00f6r de anv\u00e4ndare som anv\u00e4nder bredare termer i sina s\u00f6kfr\u00e5gor.&nbsp;&nbsp;<\/p>\n\n\n\n<p>Exempel: En bok om en 70 \u00e5r gammal transkvinna f\u00e5r \u00e4mnesordet \u201d\u00c4ldre transkvinnor\u201d, den beh\u00f6ver inte f\u00e5 \u00e4mnesord f\u00f6r \u201cHbtqi-personer\u201d, \u201cTranspersoner\u201d eller \u201dTranskvinnor\u201d d\u00e5 en s\u00f6kning p\u00e5 dessa bredare \u00e4mnesord \u00e4nd\u00e5 ger tr\u00e4ffar p\u00e5 den smalare termen.&nbsp;&nbsp;<\/p>\n\n\n\n<h2 class=\"wp-block-heading\">\u00c4r \u00e4mnet viktigt i verket \/ 20%-regeln<\/h2>\n\n\n\n<p>Olika regler g\u00e4ller f\u00f6r sk\u00f6nlitteratur och facklitteratur. F\u00f6r att ett \u00e4mnesord ska vara relevant f\u00f6r facklitteratur ska runt 20% av verket vara centrerat kring \u00e4mnet. N\u00e4r det g\u00e4ller sk\u00f6nlitteratur \u00e4r det mer subjektivt och KB skriver att \u201dOm s\u00e4rskilda \u00e4mnen eller teman sticker ut beskrivs dessa med allm\u00e4nna \u00e4mnesord eller genre\/formtermer\u201d. (<a href=\"https:\/\/metadatabyran.kb.se\/amnesord-och-genre-form\/svenska-amnesord\/sarskilda-amnesomraden\/skonlitteratur-for-vuxna\" target=\"_blank\" rel=\"noreferrer noopener\">Kungliga biblioteket (2022) <em>Sk\u00f6nlitteratur f\u00f6r vuxna<\/em>. [2023-01-26]<\/a>)&nbsp;<\/p>\n","protected":false},"excerpt":{"rendered":"<p>Indexeringsanvisningar Queerlit \u00e4r b\u00e5de en bibliografisk databas och en tesaurus f\u00f6r indexering av litteratur med hbtqi-tematik, tesaurusen heter QLIT (Queer Literature Indexing Theasurus). Tesaurusen \u00e4r integrerad i Libris XL och kan anv\u00e4ndas d\u00e4r men den \u00e4r \u00e4ven fri att anv\u00e4nda i andra system. Samtliga termer i QLIT har en beskrivning om hur de \u00e4r t\u00e4nkta&hellip; <a class=\"more-link\" href=\"https:\/\/queerlit.dh.gu.se\/om\/indexera\/\">Forts\u00e4tt l\u00e4sa <span class=\"screen-reader-text\">Indexera med Queerlit<\/span><\/a><\/p>\n","protected":false},"author":2,"featured_media":0,"parent":0,"menu_order":0,"comment_status":"closed","ping_status":"closed","template":"","meta":{"footnotes":""},"_links":{"self":[{"href":"https:\/\/queerlit.dh.gu.se\/om\/wp-json\/wp\/v2\/pages\/236"}],"collection":[{"href":"https:\/\/queerlit.dh.gu.se\/om\/wp-json\/wp\/v2\/pages"}],"about":[{"href":"https:\/\/queerlit.dh.gu.se\/om\/wp-json\/wp\/v2\/types\/page"}],"author":[{"embeddable":true,"href":"https:\/\/queerlit.dh.gu.se\/om\/wp-json\/wp\/v2\/users\/2"}],"replies":[{"embeddable":true,"href":"https:\/\/queerlit.dh.gu.se\/om\/wp-json\/wp\/v2\/comments?post=236"}],"version-history":[{"count":3,"href":"https:\/\/queerlit.dh.gu.se\/om\/wp-json\/wp\/v2\/pages\/236\/revisions"}],"predecessor-version":[{"id":415,"href":"https:\/\/queerlit.dh.gu.se\/om\/wp-json\/wp\/v2\/pages\/236\/revisions\/415"}],"wp:attachment":[{"href":"https:\/\/queerlit.dh.gu.se\/om\/wp-json\/wp\/v2\/media?parent=236"}],"curies":[{"name":"wp","href":"https:\/\/api.w.org\/{rel}","templated":true}]}}