{"id":2,"date":"2021-09-21T14:39:04","date_gmt":"2021-09-21T12:39:04","guid":{"rendered":"https:\/\/queerlit.dh.gu.se\/om\/wp\/?page_id=2"},"modified":"2024-06-24T13:49:50","modified_gmt":"2024-06-24T11:49:50","slug":"exempelsida","status":"publish","type":"page","link":"https:\/\/queerlit.dh.gu.se\/om\/","title":{"rendered":"Queerlit"},"content":{"rendered":"\n<p>Databsen Queerlit samlar sk\u00f6nlitteratur som skildrar samk\u00f6nat beg\u00e4r och \u00f6verskridanden av bin\u00e4ra k\u00f6nsnormer. Databasen inneh\u00e5ller b\u00e5de litteratur som \u00e4r gammal och ny, bra och d\u00e5lig, och s\u00e5dan som i h\u00f6g eller liten grad skildrar dessa motiv. <\/p>\n\n\n\n<p>En stor del av materialet skulle kunna kallas f\u00f6r hbtqi-litteratur, men l\u00e5ngt ifr\u00e5n allt. S\u00e4rskilt vad g\u00e4ller det \u00e4ldre materialet har vi med titlar som endast i f\u00f6rbig\u00e5ende n\u00e4mner samk\u00f6nat beg\u00e4r eller \u00f6verskridanden av bin\u00e4ra k\u00f6nsnormer, kanske bara i en mening eller en antydan. Dessutom har vi medvetet valt att ta med \u00e4ven stereotyper, nidbilder och vanf\u00f6rest\u00e4llningar. S\u00e5dana skildringar \u00e4r en viktig del av v\u00e5r historia \u2013 hur missvisande de \u00e4n \u00e4r. <\/p>\n\n\n\n<p>Queerlit-projektet bedrevs vid&nbsp;<a href=\"https:\/\/gu.se\/\">G\u00f6teborgs universitet<\/a>&nbsp;i samarbete med&nbsp;<a href=\"http:\/\/www2.ub.gu.se\/kvinn\/\">KvinnSam<\/a>, <a href=\"https:\/\/gu.se\/digital-humaniora\">GRIDH<\/a>, <a href=\"https:\/\/www.sh.se\/\">S\u00f6dert\u00f6rns h\u00f6gskola<\/a> och&nbsp;<a href=\"https:\/\/lnu.se\/\">Linn\u00e9universitetet<\/a>. Den databas som projektet skapade finns dels i v\u00e5rt eget <a href=\"https:\/\/queerlit.dh.gu.se\/\">gr\u00e4nssnitt<\/a>, dels integrerat i den nationella bibliotekskatalogen <a href=\"http:\/\/libris.kb.se\/hitlist?q=db:qlit\" target=\"_blank\" rel=\"noreferrer noopener\">LIBRIS<\/a>.<\/p>\n\n\n\n<p>Efter projektets 2023 underh\u00e5lls databasen av <a href=\"https:\/\/www2.ub.gu.se\/kvinn\/\">KvinnSam<\/a>, medan <a href=\"https:\/\/gu.se\/digital-humaniora\">GRIDH<\/a> (G\u00f6teborgs forskningsinfrastruktur f\u00f6r digital humaniora) ansvarar f\u00f6r gr\u00e4nssnittet och \u00f6vriga tekniska aspekter av driften. Dessutom st\u00f6ttas KvinnSam av en arbetsgruppen f\u00f6r queerlitter\u00e4r omv\u00e4rldsbevakning, vars medlemmar ing\u00e5r i <a href=\"https:\/\/www.biblioteksforeningen.se\/expertnatverk\/expertnatverket-for-bibliotekens-arbete-med-hbtqplus\/\">Svensk biblioteksf\u00f6renings expertn\u00e4tverk f\u00f6r bibliotekens arbete med hbtq+<\/a>.<\/p>\n\n\n\n<p><\/p>\n","protected":false},"excerpt":{"rendered":"<p>Databsen Queerlit samlar sk\u00f6nlitteratur som skildrar samk\u00f6nat beg\u00e4r och \u00f6verskridanden av bin\u00e4ra k\u00f6nsnormer. Databasen inneh\u00e5ller b\u00e5de litteratur som \u00e4r gammal och ny, bra och d\u00e5lig, och s\u00e5dan som i h\u00f6g eller liten grad skildrar dessa motiv. En stor del av materialet skulle kunna kallas f\u00f6r hbtqi-litteratur, men l\u00e5ngt ifr\u00e5n allt. S\u00e4rskilt vad g\u00e4ller det \u00e4ldre&hellip; <a class=\"more-link\" href=\"https:\/\/queerlit.dh.gu.se\/om\/\">Forts\u00e4tt l\u00e4sa <span class=\"screen-reader-text\">Queerlit<\/span><\/a><\/p>\n","protected":false},"author":1,"featured_media":0,"parent":0,"menu_order":0,"comment_status":"closed","ping_status":"open","template":"","meta":{"footnotes":""},"_links":{"self":[{"href":"https:\/\/queerlit.dh.gu.se\/om\/wp-json\/wp\/v2\/pages\/2"}],"collection":[{"href":"https:\/\/queerlit.dh.gu.se\/om\/wp-json\/wp\/v2\/pages"}],"about":[{"href":"https:\/\/queerlit.dh.gu.se\/om\/wp-json\/wp\/v2\/types\/page"}],"author":[{"embeddable":true,"href":"https:\/\/queerlit.dh.gu.se\/om\/wp-json\/wp\/v2\/users\/1"}],"replies":[{"embeddable":true,"href":"https:\/\/queerlit.dh.gu.se\/om\/wp-json\/wp\/v2\/comments?post=2"}],"version-history":[{"count":32,"href":"https:\/\/queerlit.dh.gu.se\/om\/wp-json\/wp\/v2\/pages\/2\/revisions"}],"predecessor-version":[{"id":419,"href":"https:\/\/queerlit.dh.gu.se\/om\/wp-json\/wp\/v2\/pages\/2\/revisions\/419"}],"wp:attachment":[{"href":"https:\/\/queerlit.dh.gu.se\/om\/wp-json\/wp\/v2\/media?parent=2"}],"curies":[{"name":"wp","href":"https:\/\/api.w.org\/{rel}","templated":true}]}}