{"id":135,"date":"2022-08-24T10:46:01","date_gmt":"2022-08-24T08:46:01","guid":{"rendered":"https:\/\/queerlit.dh.gu.se\/om\/?page_id=135"},"modified":"2024-06-24T13:29:59","modified_gmt":"2024-06-24T11:29:59","slug":"lanktips","status":"publish","type":"page","link":"https:\/\/queerlit.dh.gu.se\/om\/lanktips\/","title":{"rendered":"L\u00e4nktips"},"content":{"rendered":"\n<p><strong>Boktips<\/strong><\/p>\n\n\n\n<p>Queerlit inneh\u00e5ller b\u00e5de bra och d\u00e5liga b\u00f6cker, och \u00e4r allts\u00e5 inte t\u00e4nkt som en tipslista. Men det finns m\u00e5nga andra som har specialiserat sig p\u00e5 att tipsa om b\u00f6cker. H\u00e4r \u00e4r n\u00e5gra av dem:<\/p>\n\n\n\n<p><a href=\"https:\/\/www.bogbibblan.se\/\">B\u00f6gbibblan<\/a> och @bogbibblan (instagram)<\/p>\n\n\n\n<p><a href=\"http:\/\/5flator.blogspot.com\/\">Fem flator fantiserar<\/a> och @femflator (instagram)<\/p>\n\n\n\n<p>@flatans_guide (instagram)<\/p>\n\n\n\n<p>@hbtqbiblioteket (instagram)<\/p>\n\n\n\n<p><a href=\"https:\/\/lesbiskabokbloggen.se\/\">Lesbiska bokbloggen<\/a><\/p>\n\n\n\n<p>@normkreativa_barnb\u00f6cker (instagram)<\/p>\n\n\n\n<p>Queerlitteratur f\u00f6r queers (facebookgrupp)<\/p>\n\n\n\n<p>@sapfiskguidetillgalaxen (instagram)<\/p>\n\n\n\n<p><\/p>\n\n\n\n<p><strong>Bibliotek<\/strong><\/p>\n\n\n\n<p>Det finns ocks\u00e5 regnb\u00e5gshyllor p\u00e5 m\u00e5ngaa folkbibliotek \u2013 fr\u00e5ga g\u00e4rna efter dem p\u00e5 din lokala bibbla! N\u00e5gra exempel p\u00e5 digitala regnb\u00e5gshyllor:<\/p>\n\n\n\n<p><a href=\"https:\/\/bibliotek.harnosand.se\/regnbagshylla\">H\u00e4rn\u00f6sands bibliotek<\/a><\/p>\n\n\n\n<p><a href=\"http:\/\/regnbagshyllan.se\/\">Regnb\u00e5gshyllan p\u00e5 Regionbibliotek V\u00e4sterbotten<\/a><\/p>\n\n\n\n<p><a href=\"https:\/\/bibliotek.solleftea.se\/web\/arena\/regnbagshyllan\">Sollefte\u00e5 bibliotek<\/a><\/p>\n\n\n\n<p><a href=\"https:\/\/bibliotek.timra.se\/sv\/content-page\/regnb%C3%A5gshylla\">Timr\u00e5 bibliotek<\/a><\/p>\n\n\n\n<p><a href=\"https:\/\/www.minabibliotek.se\/regnbagsbiblioteket?fbclid=IwAR3VDqiPe2SbH0Z0d2lSyuuLa86_0s2nHu3o87uhbuDozb8coQ-2NE6697w\">Ume\u00e5s Regnb\u00e5gsbiblioteket<\/a> (\u00e4ven p\u00e5 instagram och facebook som @regnbagsbiblioteket_umea)<\/p>\n\n\n\n<p><a href=\"https:\/\/bibliotek.vaxjo.se\/web\/arena\/regnbagshyllan\">V\u00e4xj\u00f6 bibliotek<\/a><\/p>\n\n\n\n<p><a href=\"https:\/\/goteborg.se\/wps\/portal\/enhetssida\/kulturhuset-kaken\/bibliotek\/regnbagshyllan\">Kulturhuset K\u00e5ken<\/a><\/p>\n\n\n\n<p><\/p>\n\n\n\n<p><strong>\u00d6vriga l\u00e4nkar:<\/strong><\/p>\n\n\n\n<p><a href=\"https:\/\/ihlia.nl\/en\/\">IHLIA<\/a>, nederl\u00e4ndskt (men \u00e4ven engelskspr\u00e5kigt) arkiv f\u00f6r HBTQI-material som bland annat tagit fram den tesaurus vi har anv\u00e4nt i arbetet med v\u00e5r egen<\/p>\n\n\n\n<p><a href=\"http:\/\/www2.ub.gu.se\/kvinn\/\">KvinnSam<\/a>, arkiv och nationellt bibliotek f\u00f6r genusforskning, som driver vidare Queerlit efter projektets slut<\/p>\n\n\n\n<p><a href=\"http:\/\/litteraturbanken.se\">Litteraturbanken<\/a>, d\u00e4r du kan l\u00e4sa och ladda ner \u00e4ldre b\u00f6cker<\/p>\n\n\n\n<p><a href=\"http:\/\/qrab.org\/\">Queerr\u00f6relsens arkiv och bibliotek, QRAB<\/a>, svenskt arkiv f\u00f6r HBTQI-material och en av Queerlitprojektets samarbetspartner<\/p>\n\n\n\n<p><a href=\"https:\/\/skeivtarkiv.no\/\">Skeivt arkiv<\/a>, norskt arkiv och kunskapscenter f\u00f6r HBTQI-historia<\/p>\n","protected":false},"excerpt":{"rendered":"<p>Boktips Queerlit inneh\u00e5ller b\u00e5de bra och d\u00e5liga b\u00f6cker, och \u00e4r allts\u00e5 inte t\u00e4nkt som en tipslista. Men det finns m\u00e5nga andra som har specialiserat sig p\u00e5 att tipsa om b\u00f6cker. H\u00e4r \u00e4r n\u00e5gra av dem: B\u00f6gbibblan och @bogbibblan (instagram) Fem flator fantiserar och @femflator (instagram) @flatans_guide (instagram) @hbtqbiblioteket (instagram) Lesbiska bokbloggen @normkreativa_barnb\u00f6cker (instagram) Queerlitteratur f\u00f6r&hellip; <a class=\"more-link\" href=\"https:\/\/queerlit.dh.gu.se\/om\/lanktips\/\">Forts\u00e4tt l\u00e4sa <span class=\"screen-reader-text\">L\u00e4nktips<\/span><\/a><\/p>\n","protected":false},"author":5,"featured_media":0,"parent":0,"menu_order":0,"comment_status":"closed","ping_status":"closed","template":"","meta":{"footnotes":""},"_links":{"self":[{"href":"https:\/\/queerlit.dh.gu.se\/om\/wp-json\/wp\/v2\/pages\/135"}],"collection":[{"href":"https:\/\/queerlit.dh.gu.se\/om\/wp-json\/wp\/v2\/pages"}],"about":[{"href":"https:\/\/queerlit.dh.gu.se\/om\/wp-json\/wp\/v2\/types\/page"}],"author":[{"embeddable":true,"href":"https:\/\/queerlit.dh.gu.se\/om\/wp-json\/wp\/v2\/users\/5"}],"replies":[{"embeddable":true,"href":"https:\/\/queerlit.dh.gu.se\/om\/wp-json\/wp\/v2\/comments?post=135"}],"version-history":[{"count":3,"href":"https:\/\/queerlit.dh.gu.se\/om\/wp-json\/wp\/v2\/pages\/135\/revisions"}],"predecessor-version":[{"id":410,"href":"https:\/\/queerlit.dh.gu.se\/om\/wp-json\/wp\/v2\/pages\/135\/revisions\/410"}],"wp:attachment":[{"href":"https:\/\/queerlit.dh.gu.se\/om\/wp-json\/wp\/v2\/media?parent=135"}],"curies":[{"name":"wp","href":"https:\/\/api.w.org\/{rel}","templated":true}]}}