{"id":109,"date":"2021-11-19T09:51:24","date_gmt":"2021-11-19T08:51:24","guid":{"rendered":"https:\/\/queerlit.dh.gu.se\/om\/?page_id=109"},"modified":"2024-06-24T13:07:59","modified_gmt":"2024-06-24T11:07:59","slug":"samarbete","status":"publish","type":"page","link":"https:\/\/queerlit.dh.gu.se\/om\/samarbete\/","title":{"rendered":"Samarbetspartner och k\u00e4llor"},"content":{"rendered":"\n<h2 class=\"wp-block-heading\">Expertr\u00e5d<\/h2>\n\n\n\n<p>F\u00f6rutom projektgruppen hade Queerlit-projektet ett expertr\u00e5d. Medlemmarna i expertr\u00e5det fungerade som bollplank till projektgruppen och bistod med expertis inom sina respektive omr\u00e5den. I expertr\u00e5det ingick:<\/p>\n\n\n\n<ul>\n<li><a href=\"https:\/\/katalog.uu.se\/empinfo\/?id=N99-1512\">Jenny Bj\u00f6rklund<\/a><\/li>\n\n\n\n<li><a href=\"https:\/\/www.gu.se\/om-universitetet\/hitta-person\/evaborgstrom\">Eva Borgstr\u00f6m<\/a><\/li>\n\n\n\n<li><a href=\"https:\/\/portal.findresearcher.sdu.dk\/da\/persons\/heede\">Dag Heede<\/a><\/li>\n\n\n\n<li>Viktoria Lundborg<\/li>\n\n\n\n<li><a href=\"https:\/\/www.sh.se\/kontakt\/forskare\/ann-sofie-lonngren\">Ann-Sofie L\u00f6nngren<\/a><\/li>\n\n\n\n<li><a href=\"https:\/\/www.janmagnusson.se\/Hemsida.htm\">Jan Magnusson<\/a><\/li>\n\n\n\n<li><a href=\"https:\/\/www.gu.se\/om-universitetet\/hitta-person\/mariaramnehill\">Maria Hymna Ramnehill<\/a><\/li>\n<\/ul>\n\n\n\n<h2 class=\"wp-block-heading\">Samverkan<\/h2>\n\n\n\n<p>I Queerlitprojektet ingick samarbeten med flera institutioner:<\/p>\n\n\n\n<ul>\n<li><a href=\"http:\/\/www2.ub.gu.se\/kvinn\/\">KvinnSam<\/a>, arkiv och nationellt bibliotek f\u00f6r genusforskning. KvinnSam ingick i projektets arbetsgrupp och uppr\u00e4tth\u00e5ller databasen efter projekttidens slut. <\/li>\n\n\n\n<li><a href=\"https:\/\/www.kb.se\/\" data-type=\"URL\" data-id=\"https:\/\/www.kb.se\/\">Kungliga biblioteket<\/a> (KB), Sveriges nationalbibliotek. P\u00e5 KB finns bland annat nationalbibliografin Libris, i vilket Queerlit \u00e4r en deldatabas. <\/li>\n<\/ul>\n\n\n\n<h2 class=\"wp-block-heading\">K\u00e4llor<\/h2>\n\n\n\n<p>I arbetet med att bygga upp Queerlit har vi tagit hj\u00e4lp av en m\u00e4ngd olika k\u00e4llor. Bland annat bygger arbetet p\u00e5 tidigare \u00f6versikter, som Jan Magnussons <a href=\"https:\/\/www.janmagnusson.se\/bibliografigay1.html\" target=\"_blank\" rel=\"noreferrer noopener\">digitala bibliografi<\/a>, Dodo Parikas <em>HBT speglat i litteraturen<\/em> och antologin <em>Sympatiens hemlighetsfulla makt<\/em>.<\/p>\n\n\n\n<p>Ytterligare hj\u00e4lp har vi f\u00e5tt av ett stort antal experter p\u00e5 de enskilda verk och f\u00f6rfattarskap som ing\u00e5r i databasen. N\u00e4r vi anv\u00e4nt skriftliga k\u00e4llor anges dessa i v\u00e5ra fritexter, men d\u00e4rut\u00f6ver har vi \u00e4ven haft nytta av en m\u00e4ngd muntliga och andra opublicerade uppgifter.<\/p>\n\n\n\n<p>F\u00f6rutom v\u00e5rt expertr\u00e5d vill Queerlit-projektet s\u00e4rskilt tacka f\u00f6ljande personer f\u00f6r ov\u00e4rderlig hj\u00e4lp: Elin Abrahamsson, Karl Berglund, Dominik Dziedzic, Otto Fischer, Stefano Fogelberg Rota, Kristofer Folkhammar, Hanna Hallgren, Fredrik Hertzberg, Anna Hultman, Hilda Jakobsson, Anna Jakobsson Lund, Philip Lavender, Elliot Lundeg\u00e5rd, Felix T. M\u00e4kel\u00e4, Elenor Pavlov, Tiina Rosenberg, Karin R\u00e5ghall, Ragni Svensson, Mats Tormod och Per Anders Wiktorsson.<\/p>\n","protected":false},"excerpt":{"rendered":"<p>Expertr\u00e5d F\u00f6rutom projektgruppen hade Queerlit-projektet ett expertr\u00e5d. Medlemmarna i expertr\u00e5det fungerade som bollplank till projektgruppen och bistod med expertis inom sina respektive omr\u00e5den. I expertr\u00e5det ingick: Samverkan I Queerlitprojektet ingick samarbeten med flera institutioner: K\u00e4llor I arbetet med att bygga upp Queerlit har vi tagit hj\u00e4lp av en m\u00e4ngd olika k\u00e4llor. Bland annat bygger arbetet&hellip; <a class=\"more-link\" href=\"https:\/\/queerlit.dh.gu.se\/om\/samarbete\/\">Forts\u00e4tt l\u00e4sa <span class=\"screen-reader-text\">Samarbetspartner och k\u00e4llor<\/span><\/a><\/p>\n","protected":false},"author":5,"featured_media":0,"parent":0,"menu_order":0,"comment_status":"closed","ping_status":"closed","template":"","meta":{"footnotes":""},"_links":{"self":[{"href":"https:\/\/queerlit.dh.gu.se\/om\/wp-json\/wp\/v2\/pages\/109"}],"collection":[{"href":"https:\/\/queerlit.dh.gu.se\/om\/wp-json\/wp\/v2\/pages"}],"about":[{"href":"https:\/\/queerlit.dh.gu.se\/om\/wp-json\/wp\/v2\/types\/page"}],"author":[{"embeddable":true,"href":"https:\/\/queerlit.dh.gu.se\/om\/wp-json\/wp\/v2\/users\/5"}],"replies":[{"embeddable":true,"href":"https:\/\/queerlit.dh.gu.se\/om\/wp-json\/wp\/v2\/comments?post=109"}],"version-history":[{"count":9,"href":"https:\/\/queerlit.dh.gu.se\/om\/wp-json\/wp\/v2\/pages\/109\/revisions"}],"predecessor-version":[{"id":403,"href":"https:\/\/queerlit.dh.gu.se\/om\/wp-json\/wp\/v2\/pages\/109\/revisions\/403"}],"wp:attachment":[{"href":"https:\/\/queerlit.dh.gu.se\/om\/wp-json\/wp\/v2\/media?parent=109"}],"curies":[{"name":"wp","href":"https:\/\/api.w.org\/{rel}","templated":true}]}}