{"id":105,"date":"2021-11-19T09:49:03","date_gmt":"2021-11-19T08:49:03","guid":{"rendered":"https:\/\/queerlit.dh.gu.se\/om\/?page_id=105"},"modified":"2024-06-24T13:32:00","modified_gmt":"2024-06-24T11:32:00","slug":"inklusionskriterier","status":"publish","type":"page","link":"https:\/\/queerlit.dh.gu.se\/om\/inklusionskriterier\/","title":{"rendered":"Inklusionskriterier"},"content":{"rendered":"\n<p>Posterna i databasen utg\u00f6rs av den f\u00f6rsta utg\u00e5van av enskilda sk\u00f6nlitter\u00e4ra tryckta verk, som i original helt eller delvis publicerats p\u00e5 svenska, och\/eller p\u00e5 n\u00e5got av de nationella minoritetsspr\u00e5ken och publicerade inom Sveriges nuvarande gr\u00e4nser, och\/eller p\u00e5 samiska och\/eller me\u00e4nkieli och publicerade inom Skandinavien. D\u00e4rtill inkluderas verk \u00f6versatta till svenska och skrivna av f\u00f6rfattare huvudsakligen verksamma inom Sveriges nuvarande gr\u00e4nser.<\/p>\n\n\n\n<p>Databasen inkluderar \u00e4ven till sk\u00f6nlitteraturen n\u00e4rbesl\u00e4ktade sj\u00e4lvbiografiska texter, brev, dagb\u00f6cker och liknande, som till en st\u00f6rre del \u2013 antingen direkt eller indirekt \u2013 behandlar databasens \u00e4mnesomr\u00e5den.\u00a0<\/p>\n\n\n\n<p>Till databasens omr\u00e5den h\u00f6r samk\u00f6nade sexuella praktiker, k\u00e4nslor och\/eller identiteter; liksom \u00f6verskridanden av bin\u00e4ra k\u00f6nsnormer genom kropp, kl\u00e4dsel och\/eller identitet. Dessa omr\u00e5den innefattar, men \u00e4r ej begr\u00e4nsat till vad som idag brukar kallas hbtqi.<\/p>\n\n\n\n<p>I databasen inkluderas verk som antingen explicit tar upp dessa teman, och\/eller d\u00e4r dessa \u00e4r uppenbara utifr\u00e5n kontext. Det senare f\u00f6ruts\u00e4tter att verket beskrivits som hemmah\u00f6rande inom databasens intresseomr\u00e5den i exempelvis forskning och av communitygrupper, och att det anv\u00e4nder sig av koder eller symbolik som varit s\u00e4rskilt viktiga inom dessa omr\u00e5den.\u00a0<\/p>\n","protected":false},"excerpt":{"rendered":"<p>Posterna i databasen utg\u00f6rs av den f\u00f6rsta utg\u00e5van av enskilda sk\u00f6nlitter\u00e4ra tryckta verk, som i original helt eller delvis publicerats p\u00e5 svenska, och\/eller p\u00e5 n\u00e5got av de nationella minoritetsspr\u00e5ken och publicerade inom Sveriges nuvarande gr\u00e4nser, och\/eller p\u00e5 samiska och\/eller me\u00e4nkieli och publicerade inom Skandinavien. D\u00e4rtill inkluderas verk \u00f6versatta till svenska och skrivna av f\u00f6rfattare huvudsakligen&hellip; <a class=\"more-link\" href=\"https:\/\/queerlit.dh.gu.se\/om\/inklusionskriterier\/\">Forts\u00e4tt l\u00e4sa <span class=\"screen-reader-text\">Inklusionskriterier<\/span><\/a><\/p>\n","protected":false},"author":5,"featured_media":0,"parent":0,"menu_order":0,"comment_status":"closed","ping_status":"closed","template":"","meta":{"footnotes":""},"_links":{"self":[{"href":"https:\/\/queerlit.dh.gu.se\/om\/wp-json\/wp\/v2\/pages\/105"}],"collection":[{"href":"https:\/\/queerlit.dh.gu.se\/om\/wp-json\/wp\/v2\/pages"}],"about":[{"href":"https:\/\/queerlit.dh.gu.se\/om\/wp-json\/wp\/v2\/types\/page"}],"author":[{"embeddable":true,"href":"https:\/\/queerlit.dh.gu.se\/om\/wp-json\/wp\/v2\/users\/5"}],"replies":[{"embeddable":true,"href":"https:\/\/queerlit.dh.gu.se\/om\/wp-json\/wp\/v2\/comments?post=105"}],"version-history":[{"count":13,"href":"https:\/\/queerlit.dh.gu.se\/om\/wp-json\/wp\/v2\/pages\/105\/revisions"}],"predecessor-version":[{"id":413,"href":"https:\/\/queerlit.dh.gu.se\/om\/wp-json\/wp\/v2\/pages\/105\/revisions\/413"}],"wp:attachment":[{"href":"https:\/\/queerlit.dh.gu.se\/om\/wp-json\/wp\/v2\/media?parent=105"}],"curies":[{"name":"wp","href":"https:\/\/api.w.org\/{rel}","templated":true}]}}