{"id":102,"date":"2021-11-19T09:42:14","date_gmt":"2021-11-19T08:42:14","guid":{"rendered":"https:\/\/queerlit.dh.gu.se\/om\/?page_id=102"},"modified":"2025-09-09T11:41:30","modified_gmt":"2025-09-09T09:41:30","slug":"foresla","status":"publish","type":"page","link":"https:\/\/queerlit.dh.gu.se\/om\/foresla\/","title":{"rendered":"F\u00f6resl\u00e5 titlar &#038; \u00e4mnesord"},"content":{"rendered":"\n<p>Vi vill g\u00e4rna ha din hj\u00e4lp med databasen. K\u00e4nner du till b\u00f6cker som saknas i den, har du mer information om n\u00e5gon av de som finns med, eller saknar du n\u00e5got \u00e4mnesord i QLIT-tesaurusen? Ber\u00e4tta det f\u00f6r oss, s\u00e5 ser vi vad vi kan g\u00f6ra!<\/p>\n\n\n\n<p>Om du vill f\u00f6resl\u00e5 ett nytt \u00e4mnesord, fyll ocks\u00e5 i en bok som \u00e4mnesord skulle kunna anv\u00e4ndas p\u00e5. Det spelar ingen roll om boken redan finns med i v\u00e5r databas eller inte.<\/p>\n\n\n\n<p>Just nu fungerar inte v\u00e5rt kontaktformul\u00e4r, men du kan fortfarande mejla oss direkt:\u00a0<a href=\"mailto:queerlit@lir.gu.se\" target=\"_blank\" rel=\"noreferrer noopener\">queerlit@lir.gu.se<\/a><\/p>\n\n\n\n<p><\/p>\n","protected":false},"excerpt":{"rendered":"<p>Vi vill g\u00e4rna ha din hj\u00e4lp med databasen. K\u00e4nner du till b\u00f6cker som saknas i den, har du mer information om n\u00e5gon av de som finns med, eller saknar du n\u00e5got \u00e4mnesord i QLIT-tesaurusen? Ber\u00e4tta det f\u00f6r oss, s\u00e5 ser vi vad vi kan g\u00f6ra! Om du vill f\u00f6resl\u00e5 ett nytt \u00e4mnesord, fyll ocks\u00e5 i&hellip; <a class=\"more-link\" href=\"https:\/\/queerlit.dh.gu.se\/om\/foresla\/\">Forts\u00e4tt l\u00e4sa <span class=\"screen-reader-text\">F\u00f6resl\u00e5 titlar &#038; \u00e4mnesord<\/span><\/a><\/p>\n","protected":false},"author":1,"featured_media":0,"parent":0,"menu_order":0,"comment_status":"closed","ping_status":"closed","template":"","meta":{"footnotes":""},"_links":{"self":[{"href":"https:\/\/queerlit.dh.gu.se\/om\/wp-json\/wp\/v2\/pages\/102"}],"collection":[{"href":"https:\/\/queerlit.dh.gu.se\/om\/wp-json\/wp\/v2\/pages"}],"about":[{"href":"https:\/\/queerlit.dh.gu.se\/om\/wp-json\/wp\/v2\/types\/page"}],"author":[{"embeddable":true,"href":"https:\/\/queerlit.dh.gu.se\/om\/wp-json\/wp\/v2\/users\/1"}],"replies":[{"embeddable":true,"href":"https:\/\/queerlit.dh.gu.se\/om\/wp-json\/wp\/v2\/comments?post=102"}],"version-history":[{"count":6,"href":"https:\/\/queerlit.dh.gu.se\/om\/wp-json\/wp\/v2\/pages\/102\/revisions"}],"predecessor-version":[{"id":454,"href":"https:\/\/queerlit.dh.gu.se\/om\/wp-json\/wp\/v2\/pages\/102\/revisions\/454"}],"wp:attachment":[{"href":"https:\/\/queerlit.dh.gu.se\/om\/wp-json\/wp\/v2\/media?parent=102"}],"curies":[{"name":"wp","href":"https:\/\/api.w.org\/{rel}","templated":true}]}}